{"id":4480,"date":"2024-07-02T08:55:49","date_gmt":"2024-07-02T08:55:49","guid":{"rendered":"https:\/\/muzzlovedate.com\/login\/"},"modified":"2024-08-15T07:06:34","modified_gmt":"2024-08-15T07:06:34","slug":"login","status":"publish","type":"page","link":"https:\/\/muzzlovedate.com\/fr\/login\/","title":{"rendered":"Log In"},"content":{"rendered":"\t\t<div data-elementor-type=\"wp-page\" data-elementor-id=\"4480\" class=\"elementor elementor-4480\">\n\t\t\t\t<div class=\"elementor-element elementor-element-259b17ff e-flex e-con-boxed e-con e-parent\" data-id=\"259b17ff\" data-element_type=\"container\">\n\t\t\t\t\t<div class=\"e-con-inner\">\n\t\t\t\t<div class=\"elementor-element elementor-element-e46451b elementor-widget elementor-widget-jws_login_form\" data-id=\"e46451b\" data-element_type=\"widget\" data-settings=\"{&quot;align&quot;:&quot;center&quot;}\" data-widget_type=\"jws_login_form.default\">\n\t\t\t\t<div class=\"elementor-widget-container\">\n\t\t\t\t\t            <div class=\"jws_login_form\">\r\n            \r\n    <div id=\"jws-login-form\" class=\"jws-login-form in-login url\">\r\n\t\t<div class=\"jws-login-container\">\r\n            <div class=\"form-contaier url \">\r\n            \t\t\t<div class=\"\">\r\n            \r\n            <div class=\"jws-login\">\r\n                <div class=\"jws-animation\">\r\n                  <h4 class=\"jws_heading_form heading-form-login\">Login <\/h4>\r\n                       \r\n                    \r\n                  <div class=\"jws_account_demo\">\r\n                    <span class=\"d-block\">Nom d&#039;utilisateur :  <strong>emily4<\/strong><\/span>\r\n                    <span class=\"d-block\">Mot de passe :  <strong>admin@1234<\/strong><\/span>\r\n                <\/div>\r\n                <div class=\"jws_text_note\">Veuillez noter que certaines fonctions d&#039;\u00e9dition des donn\u00e9es sont limit\u00e9es dans cette d\u00e9mo afin d&#039;\u00e9viter toute modification des donn\u00e9es de l&#039;\u00e9chantillon.<\/div>\r\n                                       \r\n                <\/div> \r\n\t\t\t\t<form name=\"loginpopopform\" action=\"https:\/\/muzzlovedate.com\/fr\/wp-login.php\" method=\"post\">\r\n                \r\n\t\t\t\t\t<p class=\"login-username\">\r\n                      \r\n\t\t\t\t\t    <span class=\"form_group \">\r\n                    \t   <input type=\"text\" name=\"log\" class=\"username input required\" value=\"\" placeholder=\"mail@example.com\" size=\"20\" \/>\r\n\t\t\t\t        <\/span>\r\n                \t<\/p>\r\n\t\t\t\t\t<p class=\"login-password input-text\">\r\n                        \r\n                        <span class=\"form_group\">  \r\n    \t\t\t\t\t\t<input type=\"password\" name=\"pwd\" class=\"s-password input required\" placeholder=\"Entrez votre mot de passe\" value=\"\" size=\"20\" \/>\r\n                            <span type=\"button\" class=\"field-icon toggle-password2 jws-icon-eyeslash\"><\/span>\r\n                        <\/span>\r\n\t\t\t\t\t<\/p>\r\n\t\t\t\t\r\n                    <div class=\"forgetmenot login-remember\">\r\n                        <label for=\"popupRememberme\"><input name=\"rememberme\" type=\"checkbox\" value=\"forever\" class=\"popupRememberme\" id=\"popupRememberme\" \/> Souvenez-vous de moi<\/label>\r\n                         <a class=\"lost-pass-link\" href=\"https:\/\/muzzlovedate.com\/fr\/my-account\/lost-password\/\" title=\"Lost your password?\">Mot de passe oubli\u00e9 ?<\/a>\t\t\t\t\t<\/div>\r\n\t\t\t\t\t<div class=\"g-recaptcha\" id=\"recaptcha7\"><\/div>\r\n\t\t\t\t\t<p class=\"submit login-submit jws-button\">\r\n\t\t\t\t\t\t<input type=\"submit\" name=\"wp-submit\" class=\"button elementor-button btn-main\" value=\"Login\" \/>\r\n\t\t\t\t\t\t<input type=\"hidden\" name=\"testcookie\" value=\"1\" \/>\r\n\t\t\t\t\t<\/p>\r\n\t\t\t\t\t\r\n                    <div class=\"account\">Vous n&#039;\u00eates pas encore inscrit ?  <a class=\"register change-form\" href=\"https:\/\/muzzlovedate.com\/fr\/jws-register\/\">Cr\u00e9er un compte<\/a><\/div>\t\t\t\t<\/form>\r\n\t\r\n                <div class=\"popup-message\"><\/div>\r\n              <\/div>\r\n\t\t\t<\/div>\r\n            \t\t\t\t\t\t<div class=\"\">   \r\n                <div class=\"jws-register \">\r\n                    <div class=\"jws-animation\">\r\n                    <h4 class=\"jws_heading_form heading-form-register\">Registre<\/h4>\r\n                                               <\/div> \r\n\t\t\t\t\t<form class=\"auto_login\" name=\"registerformpopup\"  method=\"post\" novalidate=\"novalidate\">\r\n \r\n                        <input type=\"hidden\" id=\"register_security\" name=\"register_security\" value=\"27e70264b1\" \/><input type=\"hidden\" name=\"_wp_http_referer\" value=\"\/fr\/wp-json\/wp\/v2\/pages\/4480\" \/>         \r\n\t\t\t\t\t\t<p>\r\n\t\t\t\t\t\t\t<input type=\"text\" name=\"user_login\" class=\"input required\" placeholder=\"exemple_utilisateur\"\/>\r\n\t\t\t\t\t\t<\/p>\r\n\r\n\t\t\t\t\t\t<p>\r\n                       \r\n\t\t\t\t\t\t\t<input  type=\"email\" name=\"user_email\" class=\"input required\" placeholder=\"mail@example.com\"\/>\r\n\t\t\t\t\t\t<\/p>\r\n\r\n\t\t\t\t        <div class=\"password\">\r\n                            <p class=\"input-text\">\r\n                               \r\n\t\t\t\t\t\t\t\t<span class=\"form_group\">  \r\n            \t\t\t\t\t\t<input type=\"password\" name=\"password\" class=\"s-password input required\" placeholder=\"Mot de passe\"\/>\r\n                                    <span type=\"button\" class=\"field-icon toggle-password2 jws-icon-eyeslash\"><\/span>\r\n                                <\/span> \r\n\t\t\t\t\t\t\t<\/p>\r\n                            <p class=\"input-text\">\r\n                                \r\n\t\t\t\t\t\t\t     <span class=\"form_group\"> \r\n                            \t<input placeholder=\"Confirmer le mot de passe\" type=\"password\" name=\"repeat_password\" class=\"re-password input required\" \/>\r\n\t\t\t\t\t\t        <span type=\"button\" class=\"field-icon toggle-password2 jws-icon-eyeslash\"><\/span>\r\n                                <\/span>\r\n                        \t<\/p>\r\n                        <\/div>\r\n                        \r\n                            <p class=\"privacy_policy\">En s\u00e9lectionnant \u00ab Se connecter via Google ou Facebook \u00bb, vous acceptez nos Conditions d\u2019utilisation et reconnaissez avoir pris connaissance de notre Politique de confidentialit\u00e9.<\/p>                        \r\n                        \r\n\t\t\t\t\t\t\r\n\t\t\t\t\t\t<p class=\"submit jws-button\">\r\n                \r\n\t\t\t\t\t\t\t<input type=\"submit\" name=\"wp-submit\" class=\"button elementor-button btn-main\" value=\"Registre\" \/>\r\n\t\t\t\t\t\t<\/p>\r\n\t\t\t\t\t<\/form>\r\n\t\t\t\t\t<div class=\"account\">Vous avez d\u00e9j\u00e0 un compte ?  <a class=\"login change-form\" href=\"https:\/\/muzzlovedate.com\/fr\/login\/\">Login<\/a><\/div>                      <div class=\"meter\">\r\n                        <div class=\"meter-box\">\r\n                            <span class=\"box1\"><\/span>\r\n                            <span class=\"box2\"><\/span>\r\n                            <span class=\"box3\"><\/span>\r\n                            <span class=\"box4\"><\/span>\r\n                              <span class=\"text-meter\"><\/span>\r\n                        <\/div>\r\n                      \r\n                      <\/div>  \r\n                      <div class=\"jws-password-hint\">\r\n                           Hint: The password should be at least eight characters long. To make it stronger, use upper and lower case letters, numbers, and symbols like ! &quot; ? $ % ^ &amp; ).                     <\/div>\r\n\t\t\t\t\t<div class=\"popup-message\"><\/div>\r\n\t\t\t\t<\/div>\r\n            <\/div>\r\n\t\t\t            <\/div>\r\n        <\/div>\r\n   <\/div>\r\n\r\n                <\/div>\r\n        \t\t\t\t<\/div>\n\t\t\t\t<\/div>\n\t\t\t\t\t<\/div>\n\t\t\t\t<\/div>\n\t\t\t\t<\/div>\n\t\t","protected":false},"excerpt":{"rendered":"","protected":false},"author":1,"featured_media":0,"parent":0,"menu_order":0,"comment_status":"closed","ping_status":"closed","template":"","meta":{"_acf_changed":false,"_bbp_topic_count":0,"_bbp_reply_count":0,"_bbp_total_topic_count":0,"_bbp_total_reply_count":0,"_bbp_voice_count":0,"_bbp_anonymous_reply_count":0,"_bbp_topic_count_hidden":0,"_bbp_reply_count_hidden":0,"_bbp_forum_subforum_count":0,"pmpro_default_level":"","footnotes":""},"class_list":["post-4480","page","type-page","status-publish","hentry","pmpro-has-access"],"acf":[],"_links":{"self":[{"href":"https:\/\/muzzlovedate.com\/fr\/wp-json\/wp\/v2\/pages\/4480","targetHints":{"allow":["GET"]}}],"collection":[{"href":"https:\/\/muzzlovedate.com\/fr\/wp-json\/wp\/v2\/pages"}],"about":[{"href":"https:\/\/muzzlovedate.com\/fr\/wp-json\/wp\/v2\/types\/page"}],"author":[{"embeddable":true,"href":"https:\/\/muzzlovedate.com\/fr\/wp-json\/wp\/v2\/users\/1"}],"replies":[{"embeddable":true,"href":"https:\/\/muzzlovedate.com\/fr\/wp-json\/wp\/v2\/comments?post=4480"}],"version-history":[{"count":0,"href":"https:\/\/muzzlovedate.com\/fr\/wp-json\/wp\/v2\/pages\/4480\/revisions"}],"wp:attachment":[{"href":"https:\/\/muzzlovedate.com\/fr\/wp-json\/wp\/v2\/media?parent=4480"}],"curies":[{"name":"wp","href":"https:\/\/api.w.org\/{rel}","templated":true}]}}